{"id":222,"date":"2020-08-23T05:04:22","date_gmt":"2020-08-23T05:04:22","guid":{"rendered":"https:\/\/bizbergthemes.com\/business-event\/?page_id=222"},"modified":"2024-09-20T14:35:40","modified_gmt":"2024-09-20T14:35:40","slug":"nosotras","status":"publish","type":"page","link":"https:\/\/www.hypatiafest.com\/index.php\/services\/nosotras\/","title":{"rendered":"Nosotras"},"content":{"rendered":"\n<p><strong>\u00bfQu\u00e9 es Hypatia Fest?<\/strong><br>Hypatia Fest celebra el talento de mujeres artistas en m\u00fasica, teatro, danza,<br>artes visuales, y m\u00e1s. Est\u00e1 dise\u00f1ado como una plataforma de visibilidad, di\u00e1logo<br>y participaci\u00f3n activa en la comunidad.<br>El Significado de Hypatia Fest<br>El nombre del festival rinde homenaje a Hipatia de Alejandr\u00eda, s\u00edmbolo de<br>sabidur\u00eda, valent\u00eda y lucha por la igualdad. El festival, al igual que ella, busca<br>romper barreras y prejuicios hist\u00f3ricos que han limitado la participaci\u00f3n de<br>mujeres en el arte y la cultura.<br><strong>\u00bfPor qu\u00e9 es importante Hypatia Fest?<\/strong><br><strong>Promoci\u00f3n de la Igualdad de G\u00e9nero<\/strong><br>Es una respuesta directa a la falta de representaci\u00f3n de mujeres en la industria<br>art\u00edstica.<br><strong>Empoderamiento a Trav\u00e9s del Arte<\/strong><br>Es una herramienta para que las mujeres tomen el escenario y se expresen.<br><strong>Impacto Comunitario<\/strong><br>El festival involucra a asociaciones de vecinos, colegios e institutos, fomentando<br>la participaci\u00f3n ciudadana.<br><strong>Educaci\u00f3n y Concienciaci\u00f3n<\/strong><br>Con talleres y debates, buscamos sensibilizar sobre temas como la igualdad de<br>g\u00e9nero y el feminismo.<br><strong>Innovaci\u00f3n Cultural<\/strong><br>El festival fomenta el di\u00e1logo entre artistas y p\u00fablico, creando una experiencia<br>interactiva.<br><br><strong>Hypatia Fest: Una Diferencia Significativa<\/strong><br>Hypatia Fest se distingue por su enfoque en la participaci\u00f3n activa de la<br>comunidad y su capacidad de generar un impacto cultural duradero. El festival<br>tiene el potencial de crecer y convertirse en un referente en la promoci\u00f3n del<br>arte femenino a nivel regional y nacional.<\/p>\n\n\n\n<p><br><\/p>\n\n\n\n<p><\/p>\n","protected":false},"excerpt":{"rendered":"<p>\u00bfQu\u00e9 es Hypatia Fest?Hypatia Fest celebra el talento de mujeres artistas en m\u00fasica, teatro, danza,artes visuales, y m\u00e1s. Est\u00e1 dise\u00f1ado como una plataforma de visibilidad, &hellip;<\/p>\n","protected":false},"author":1,"featured_media":245,"parent":230,"menu_order":0,"comment_status":"closed","ping_status":"closed","template":"","meta":{"saved_in_kubio":true,"_uag_custom_page_level_css":"","footnotes":""},"class_list":["post-222","page","type-page","status-publish","has-post-thumbnail","hentry"],"kubio_ai_page_context":{"short_desc":"","purpose":"general"},"uagb_featured_image_src":{"full":["https:\/\/www.hypatiafest.com\/wp-content\/uploads\/2024\/09\/cropped-cropped-HYPATIAFEST_LOGO.png",512,512,false],"thumbnail":["https:\/\/www.hypatiafest.com\/wp-content\/uploads\/2024\/09\/cropped-cropped-HYPATIAFEST_LOGO-150x150.png",150,150,true],"medium":["https:\/\/www.hypatiafest.com\/wp-content\/uploads\/2024\/09\/cropped-cropped-HYPATIAFEST_LOGO-300x300.png",300,300,true],"medium_large":["https:\/\/www.hypatiafest.com\/wp-content\/uploads\/2024\/09\/cropped-cropped-HYPATIAFEST_LOGO.png",512,512,false],"large":["https:\/\/www.hypatiafest.com\/wp-content\/uploads\/2024\/09\/cropped-cropped-HYPATIAFEST_LOGO.png",512,512,false],"RoboGalleryMansoryImagesCenter":["https:\/\/www.hypatiafest.com\/wp-content\/uploads\/2024\/09\/cropped-cropped-HYPATIAFEST_LOGO.png",512,512,false],"RoboGalleryMansoryImagesTop":["https:\/\/www.hypatiafest.com\/wp-content\/uploads\/2024\/09\/cropped-cropped-HYPATIAFEST_LOGO.png",512,512,false],"1536x1536":["https:\/\/www.hypatiafest.com\/wp-content\/uploads\/2024\/09\/cropped-cropped-HYPATIAFEST_LOGO.png",512,512,false],"2048x2048":["https:\/\/www.hypatiafest.com\/wp-content\/uploads\/2024\/09\/cropped-cropped-HYPATIAFEST_LOGO.png",512,512,false],"kubio-fullhd":["https:\/\/www.hypatiafest.com\/wp-content\/uploads\/2024\/09\/cropped-cropped-HYPATIAFEST_LOGO.png",512,512,false],"post-thumbnail":["https:\/\/www.hypatiafest.com\/wp-content\/uploads\/2024\/09\/cropped-cropped-HYPATIAFEST_LOGO.png",300,300,false],"bravada-featured":["https:\/\/www.hypatiafest.com\/wp-content\/uploads\/2024\/09\/cropped-cropped-HYPATIAFEST_LOGO.png",300,300,false],"bravada-featured-lp":["https:\/\/www.hypatiafest.com\/wp-content\/uploads\/2024\/09\/cropped-cropped-HYPATIAFEST_LOGO.png",300,300,false],"bravada-featured-half":["https:\/\/www.hypatiafest.com\/wp-content\/uploads\/2024\/09\/cropped-cropped-HYPATIAFEST_LOGO.png",300,300,false],"bravada-featured-third":["https:\/\/www.hypatiafest.com\/wp-content\/uploads\/2024\/09\/cropped-cropped-HYPATIAFEST_LOGO.png",300,300,false],"bravada-lpbox-1":["https:\/\/www.hypatiafest.com\/wp-content\/uploads\/2024\/09\/cropped-cropped-HYPATIAFEST_LOGO.png",250,250,false],"bravada-lpbox-2":["https:\/\/www.hypatiafest.com\/wp-content\/uploads\/2024\/09\/cropped-cropped-HYPATIAFEST_LOGO.png",300,300,false]},"uagb_author_info":{"display_name":"admin2440","author_link":"https:\/\/www.hypatiafest.com\/index.php\/author\/admin2440\/"},"uagb_comment_info":0,"uagb_excerpt":"\u00bfQu\u00e9 es Hypatia Fest?Hypatia Fest celebra el talento de mujeres artistas en m\u00fasica, teatro, danza,artes visuales, y m\u00e1s. Est\u00e1 dise\u00f1ado como una plataforma de visibilidad, &hellip;","_links":{"self":[{"href":"https:\/\/www.hypatiafest.com\/index.php\/wp-json\/wp\/v2\/pages\/222","targetHints":{"allow":["GET"]}}],"collection":[{"href":"https:\/\/www.hypatiafest.com\/index.php\/wp-json\/wp\/v2\/pages"}],"about":[{"href":"https:\/\/www.hypatiafest.com\/index.php\/wp-json\/wp\/v2\/types\/page"}],"author":[{"embeddable":true,"href":"https:\/\/www.hypatiafest.com\/index.php\/wp-json\/wp\/v2\/users\/1"}],"replies":[{"embeddable":true,"href":"https:\/\/www.hypatiafest.com\/index.php\/wp-json\/wp\/v2\/comments?post=222"}],"version-history":[{"count":3,"href":"https:\/\/www.hypatiafest.com\/index.php\/wp-json\/wp\/v2\/pages\/222\/revisions"}],"predecessor-version":[{"id":455,"href":"https:\/\/www.hypatiafest.com\/index.php\/wp-json\/wp\/v2\/pages\/222\/revisions\/455"}],"up":[{"embeddable":true,"href":"https:\/\/www.hypatiafest.com\/index.php\/wp-json\/wp\/v2\/pages\/230"}],"wp:featuredmedia":[{"embeddable":true,"href":"https:\/\/www.hypatiafest.com\/index.php\/wp-json\/wp\/v2\/media\/245"}],"wp:attachment":[{"href":"https:\/\/www.hypatiafest.com\/index.php\/wp-json\/wp\/v2\/media?parent=222"}],"curies":[{"name":"wp","href":"https:\/\/api.w.org\/{rel}","templated":true}]}}